{"id":106,"date":"2025-01-12T21:48:17","date_gmt":"2025-01-12T20:48:17","guid":{"rendered":"https:\/\/portfolio5186.live-website.com\/?page_id=106"},"modified":"2025-05-23T13:56:44","modified_gmt":"2025-05-23T11:56:44","slug":"proyectos","status":"publish","type":"page","link":"https:\/\/laurarpulido.es\/index.php\/proyectos\/","title":{"rendered":"Proyectos"},"content":{"rendered":"\t\t<div data-elementor-type=\"wp-page\" data-elementor-id=\"106\" class=\"elementor elementor-106\" data-elementor-post-type=\"page\">\n\t\t\t\t<div class=\"elementor-element elementor-element-1046258 e-flex e-con-boxed e-con e-parent\" data-id=\"1046258\" data-element_type=\"container\" data-settings=\"{&quot;background_background&quot;:&quot;classic&quot;}\">\n\t\t\t\t\t<div class=\"e-con-inner\">\n\t\t<div class=\"elementor-element elementor-element-9f5e6d8 e-con-full e-flex e-con e-child\" data-id=\"9f5e6d8\" data-element_type=\"container\">\n\t\t<div class=\"elementor-element elementor-element-621b58d e-con-full e-flex e-con e-child\" data-id=\"621b58d\" data-element_type=\"container\">\n\t\t\t\t<div class=\"elementor-element elementor-element-135e15d elementor-widget elementor-widget-heading\" data-id=\"135e15d\" data-element_type=\"widget\" data-widget_type=\"heading.default\">\n\t\t\t\t<div class=\"elementor-widget-container\">\n\t\t\t\t\t<h2 class=\"elementor-heading-title elementor-size-default\">Ilustraci\u00f3n<\/h2>\t\t\t\t<\/div>\n\t\t\t\t<\/div>\n\t\t\t\t<\/div>\n\t\t<div class=\"elementor-element elementor-element-d9681b6 e-con-full e-flex e-con e-child\" data-id=\"d9681b6\" data-element_type=\"container\">\n\t\t\t\t<div class=\"elementor-element elementor-element-b5e51b0 elementor-widget elementor-widget-heading\" data-id=\"b5e51b0\" data-element_type=\"widget\" data-widget_type=\"heading.default\">\n\t\t\t\t<div class=\"elementor-widget-container\">\n\t\t\t\t\t<h2 class=\"elementor-heading-title elementor-size-default\">Ilustraci\u00f3n Cuento: \"La Noche\"<\/h2>\t\t\t\t<\/div>\n\t\t\t\t<\/div>\n\t\t\t\t<\/div>\n\t\t<div class=\"elementor-element elementor-element-f1744a6 e-con-full e-grid e-con e-child\" data-id=\"f1744a6\" data-element_type=\"container\">\n\t\t\t\t<div class=\"elementor-element elementor-element-f30a14d e-transform elementor-widget elementor-widget-image\" data-id=\"f30a14d\" data-element_type=\"widget\" data-settings=\"{&quot;_transform_scale_effect&quot;:{&quot;unit&quot;:&quot;px&quot;,&quot;size&quot;:&quot;&quot;,&quot;sizes&quot;:[]},&quot;_transform_scale_effect_tablet&quot;:{&quot;unit&quot;:&quot;px&quot;,&quot;size&quot;:&quot;&quot;,&quot;sizes&quot;:[]},&quot;_transform_scale_effect_mobile&quot;:{&quot;unit&quot;:&quot;px&quot;,&quot;size&quot;:&quot;&quot;,&quot;sizes&quot;:[]}}\" data-widget_type=\"image.default\">\n\t\t\t\t<div class=\"elementor-widget-container\">\n\t\t\t\t\t\t\t\t\t\t\t\t\t\t\t<img fetchpriority=\"high\" decoding=\"async\" width=\"800\" height=\"868\" src=\"https:\/\/laurarpulido.es\/wp-content\/uploads\/2025\/01\/LaNoche-pg1.jpg\" class=\"attachment-large size-large wp-image-244\" alt=\"\" \/>\t\t\t\t\t\t\t\t\t\t\t\t\t\t\t<\/div>\n\t\t\t\t<\/div>\n\t\t\t\t<div class=\"elementor-element elementor-element-189f7ce elementor-widget elementor-widget-image\" data-id=\"189f7ce\" data-element_type=\"widget\" data-widget_type=\"image.default\">\n\t\t\t\t<div class=\"elementor-widget-container\">\n\t\t\t\t\t\t\t\t\t\t\t\t\t\t\t<img decoding=\"async\" width=\"800\" height=\"869\" src=\"https:\/\/laurarpulido.es\/wp-content\/uploads\/2025\/01\/LaNoche-pg2.jpg\" class=\"attachment-large size-large wp-image-74\" alt=\"\" \/>\t\t\t\t\t\t\t\t\t\t\t\t\t\t\t<\/div>\n\t\t\t\t<\/div>\n\t\t\t\t<div class=\"elementor-element elementor-element-9a8931d elementor-widget elementor-widget-image\" data-id=\"9a8931d\" data-element_type=\"widget\" data-widget_type=\"image.default\">\n\t\t\t\t<div class=\"elementor-widget-container\">\n\t\t\t\t\t\t\t\t\t\t\t\t\t\t\t<img decoding=\"async\" width=\"800\" height=\"869\" src=\"https:\/\/laurarpulido.es\/wp-content\/uploads\/2025\/01\/LaNoche-pg3.jpg\" class=\"attachment-large size-large wp-image-245\" alt=\"\" \/>\t\t\t\t\t\t\t\t\t\t\t\t\t\t\t<\/div>\n\t\t\t\t<\/div>\n\t\t\t\t<div class=\"elementor-element elementor-element-2086f6a elementor-widget elementor-widget-image\" data-id=\"2086f6a\" data-element_type=\"widget\" data-widget_type=\"image.default\">\n\t\t\t\t<div class=\"elementor-widget-container\">\n\t\t\t\t\t\t\t\t\t\t\t\t\t\t\t<img loading=\"lazy\" decoding=\"async\" width=\"800\" height=\"869\" src=\"https:\/\/laurarpulido.es\/wp-content\/uploads\/2025\/01\/LaNoche-pg4.jpg\" class=\"attachment-large size-large wp-image-253\" alt=\"\" \/>\t\t\t\t\t\t\t\t\t\t\t\t\t\t\t<\/div>\n\t\t\t\t<\/div>\n\t\t\t\t<div class=\"elementor-element elementor-element-1a99bcc elementor-widget elementor-widget-image\" data-id=\"1a99bcc\" data-element_type=\"widget\" data-widget_type=\"image.default\">\n\t\t\t\t<div class=\"elementor-widget-container\">\n\t\t\t\t\t\t\t\t\t\t\t\t\t\t\t<img loading=\"lazy\" decoding=\"async\" width=\"800\" height=\"869\" src=\"https:\/\/laurarpulido.es\/wp-content\/uploads\/2025\/01\/LaNoche-pg5.jpg\" class=\"attachment-large size-large wp-image-254\" alt=\"\" \/>\t\t\t\t\t\t\t\t\t\t\t\t\t\t\t<\/div>\n\t\t\t\t<\/div>\n\t\t\t\t<div class=\"elementor-element elementor-element-ec700a8 elementor-widget elementor-widget-image\" data-id=\"ec700a8\" data-element_type=\"widget\" data-widget_type=\"image.default\">\n\t\t\t\t<div class=\"elementor-widget-container\">\n\t\t\t\t\t\t\t\t\t\t\t\t\t\t\t<img loading=\"lazy\" decoding=\"async\" width=\"800\" height=\"869\" src=\"https:\/\/laurarpulido.es\/wp-content\/uploads\/2025\/01\/LaNoche-pg6.jpg\" class=\"attachment-large size-large wp-image-255\" alt=\"\" \/>\t\t\t\t\t\t\t\t\t\t\t\t\t\t\t<\/div>\n\t\t\t\t<\/div>\n\t\t\t\t<div class=\"elementor-element elementor-element-4ca8f5c elementor-widget elementor-widget-image\" data-id=\"4ca8f5c\" data-element_type=\"widget\" data-widget_type=\"image.default\">\n\t\t\t\t<div class=\"elementor-widget-container\">\n\t\t\t\t\t\t\t\t\t\t\t\t\t\t\t<img loading=\"lazy\" decoding=\"async\" width=\"800\" height=\"869\" src=\"https:\/\/laurarpulido.es\/wp-content\/uploads\/2025\/01\/LaNoche-pg7.jpg\" class=\"attachment-large size-large wp-image-256\" alt=\"\" \/>\t\t\t\t\t\t\t\t\t\t\t\t\t\t\t<\/div>\n\t\t\t\t<\/div>\n\t\t\t\t<div class=\"elementor-element elementor-element-46ac2bb elementor-widget elementor-widget-image\" data-id=\"46ac2bb\" data-element_type=\"widget\" data-widget_type=\"image.default\">\n\t\t\t\t<div class=\"elementor-widget-container\">\n\t\t\t\t\t\t\t\t\t\t\t\t\t\t\t<img loading=\"lazy\" decoding=\"async\" width=\"800\" height=\"869\" src=\"https:\/\/laurarpulido.es\/wp-content\/uploads\/2025\/01\/LaNoche-pg8.jpg\" class=\"attachment-large size-large wp-image-257\" alt=\"\" \/>\t\t\t\t\t\t\t\t\t\t\t\t\t\t\t<\/div>\n\t\t\t\t<\/div>\n\t\t\t\t<div class=\"elementor-element elementor-element-906962e elementor-widget elementor-widget-image\" data-id=\"906962e\" data-element_type=\"widget\" data-widget_type=\"image.default\">\n\t\t\t\t<div class=\"elementor-widget-container\">\n\t\t\t\t\t\t\t\t\t\t\t\t\t\t\t<img loading=\"lazy\" decoding=\"async\" width=\"800\" height=\"869\" src=\"https:\/\/laurarpulido.es\/wp-content\/uploads\/2025\/01\/LaNoche-pg9.jpg\" class=\"attachment-large size-large wp-image-258\" alt=\"\" \/>\t\t\t\t\t\t\t\t\t\t\t\t\t\t\t<\/div>\n\t\t\t\t<\/div>\n\t\t\t\t<\/div>\n\t\t<div class=\"elementor-element elementor-element-73a57a6 e-con-full e-flex e-con e-child\" data-id=\"73a57a6\" data-element_type=\"container\">\n\t\t\t\t<div class=\"elementor-element elementor-element-2694146 elementor-widget elementor-widget-heading\" data-id=\"2694146\" data-element_type=\"widget\" data-widget_type=\"heading.default\">\n\t\t\t\t<div class=\"elementor-widget-container\">\n\t\t\t\t\t<h2 class=\"elementor-heading-title elementor-size-default\">Desplegable: \"La selva\"<\/h2>\t\t\t\t<\/div>\n\t\t\t\t<\/div>\n\t\t\t\t<\/div>\n\t\t<div class=\"elementor-element elementor-element-4b0074e e-con-full e-transform e-flex e-con e-child\" data-id=\"4b0074e\" data-element_type=\"container\" data-settings=\"{&quot;background_background&quot;:&quot;classic&quot;,&quot;background_motion_fx_motion_fx_mouse&quot;:&quot;yes&quot;,&quot;background_motion_fx_mouseTrack_effect&quot;:&quot;yes&quot;,&quot;background_motion_fx_mouseTrack_direction&quot;:&quot;negative&quot;,&quot;background_motion_fx_mouseTrack_speed&quot;:{&quot;unit&quot;:&quot;px&quot;,&quot;size&quot;:0,&quot;sizes&quot;:[]},&quot;_transform_scale_effect_hover&quot;:{&quot;unit&quot;:&quot;px&quot;,&quot;size&quot;:1.6,&quot;sizes&quot;:[]},&quot;_transform_scale_effect_hover_tablet&quot;:{&quot;unit&quot;:&quot;px&quot;,&quot;size&quot;:&quot;&quot;,&quot;sizes&quot;:[]},&quot;_transform_scale_effect_hover_mobile&quot;:{&quot;unit&quot;:&quot;px&quot;,&quot;size&quot;:&quot;&quot;,&quot;sizes&quot;:[]}}\">\n\t\t\t\t<\/div>\n\t\t<div class=\"elementor-element elementor-element-757418f e-con-full e-flex e-con e-child\" data-id=\"757418f\" data-element_type=\"container\">\n\t\t\t\t<div class=\"elementor-element elementor-element-3171330 elementor-widget elementor-widget-heading\" data-id=\"3171330\" data-element_type=\"widget\" data-widget_type=\"heading.default\">\n\t\t\t\t<div class=\"elementor-widget-container\">\n\t\t\t\t\t<h2 class=\"elementor-heading-title elementor-size-default\">Ilustraci\u00f3n Relato: \"El Mar\" de Miguel Mihura<\/h2>\t\t\t\t<\/div>\n\t\t\t\t<\/div>\n\t\t\t\t<\/div>\n\t\t<div class=\"elementor-element elementor-element-20eb921 e-con-full e-flex e-con e-child\" data-id=\"20eb921\" data-element_type=\"container\">\n\t\t<div class=\"elementor-element elementor-element-1709fb0 e-con-full e-flex e-con e-child\" data-id=\"1709fb0\" data-element_type=\"container\">\n\t\t<div class=\"elementor-element elementor-element-1e7d19e e-con-full e-flex e-con e-child\" data-id=\"1e7d19e\" data-element_type=\"container\" data-settings=\"{&quot;background_background&quot;:&quot;classic&quot;}\">\n\t\t\t\t<\/div>\n\t\t<div class=\"elementor-element elementor-element-13374b6 e-con-full e-flex e-con e-child\" data-id=\"13374b6\" data-element_type=\"container\" data-settings=\"{&quot;background_background&quot;:&quot;classic&quot;}\">\n\t\t\t\t<\/div>\n\t\t<div class=\"elementor-element elementor-element-2159a7c e-con-full e-flex e-con e-child\" data-id=\"2159a7c\" data-element_type=\"container\" data-settings=\"{&quot;background_background&quot;:&quot;classic&quot;}\">\n\t\t\t\t<\/div>\n\t\t\t\t<\/div>\n\t\t<div class=\"elementor-element elementor-element-f72f43c e-con-full e-flex e-con e-child\" data-id=\"f72f43c\" data-element_type=\"container\">\n\t\t<div class=\"elementor-element elementor-element-0a68d0f e-con-full e-flex e-con e-child\" data-id=\"0a68d0f\" data-element_type=\"container\" data-settings=\"{&quot;background_background&quot;:&quot;classic&quot;}\">\n\t\t\t\t<\/div>\n\t\t<div class=\"elementor-element elementor-element-6d206d8 e-con-full e-flex e-con e-child\" data-id=\"6d206d8\" data-element_type=\"container\" data-settings=\"{&quot;background_background&quot;:&quot;classic&quot;}\">\n\t\t\t\t<\/div>\n\t\t\t\t<\/div>\n\t\t\t\t<\/div>\n\t\t\t\t<\/div>\n\t\t\t\t\t<\/div>\n\t\t\t\t<\/div>\n\t\t\t\t<\/div>\n\t\t","protected":false},"excerpt":{"rendered":"<p>Ilustraci\u00f3n Ilustraci\u00f3n Cuento: \u00abLa Noche\u00bb Desplegable: \u00abLa selva\u00bb Ilustraci\u00f3n Relato: \u00abEl Mar\u00bb de Miguel Mihura<\/p>\n","protected":false},"author":1,"featured_media":0,"parent":0,"menu_order":0,"comment_status":"closed","ping_status":"closed","template":"","meta":{"footnotes":""},"class_list":["post-106","page","type-page","status-publish","hentry"],"yoast_head":"<!-- This site is optimized with the Yoast SEO plugin v25.1 - https:\/\/yoast.com\/wordpress\/plugins\/seo\/ -->\n<title>Proyectos - Laura Rodr\u00edguez Portfolio<\/title>\n<meta name=\"robots\" content=\"index, follow, max-snippet:-1, max-image-preview:large, max-video-preview:-1\" \/>\n<link rel=\"canonical\" href=\"https:\/\/laurarpulido.es\/index.php\/proyectos\/\" \/>\n<meta property=\"og:locale\" content=\"es_ES\" \/>\n<meta property=\"og:type\" content=\"article\" \/>\n<meta property=\"og:title\" content=\"Proyectos - Laura Rodr\u00edguez Portfolio\" \/>\n<meta property=\"og:description\" content=\"Ilustraci\u00f3n Ilustraci\u00f3n Cuento: \u00abLa Noche\u00bb Desplegable: \u00abLa selva\u00bb Ilustraci\u00f3n Relato: \u00abEl Mar\u00bb de Miguel Mihura\" \/>\n<meta property=\"og:url\" content=\"https:\/\/laurarpulido.es\/index.php\/proyectos\/\" \/>\n<meta property=\"og:site_name\" content=\"Laura Rodr\u00edguez Portfolio\" \/>\n<meta property=\"article:modified_time\" content=\"2025-05-23T11:56:44+00:00\" \/>\n<meta property=\"og:image\" content=\"https:\/\/laurarpulido.es\/wp-content\/uploads\/2025\/01\/LaNoche-pg1.jpg\" \/>\n\t<meta property=\"og:image:width\" content=\"800\" \/>\n\t<meta property=\"og:image:height\" content=\"868\" \/>\n\t<meta property=\"og:image:type\" content=\"image\/jpeg\" \/>\n<meta name=\"twitter:card\" content=\"summary_large_image\" \/>\n<meta name=\"twitter:label1\" content=\"Tiempo de lectura\" \/>\n\t<meta name=\"twitter:data1\" content=\"2 minutos\" \/>\n<script type=\"application\/ld+json\" class=\"yoast-schema-graph\">{\"@context\":\"https:\/\/schema.org\",\"@graph\":[{\"@type\":\"WebPage\",\"@id\":\"https:\/\/laurarpulido.es\/index.php\/proyectos\/\",\"url\":\"https:\/\/laurarpulido.es\/index.php\/proyectos\/\",\"name\":\"Proyectos - Laura Rodr\u00edguez Portfolio\",\"isPartOf\":{\"@id\":\"https:\/\/laurarpulido.es\/#website\"},\"primaryImageOfPage\":{\"@id\":\"https:\/\/laurarpulido.es\/index.php\/proyectos\/#primaryimage\"},\"image\":{\"@id\":\"https:\/\/laurarpulido.es\/index.php\/proyectos\/#primaryimage\"},\"thumbnailUrl\":\"https:\/\/laurarpulido.es\/wp-content\/uploads\/2025\/01\/LaNoche-pg1.jpg\",\"datePublished\":\"2025-01-12T20:48:17+00:00\",\"dateModified\":\"2025-05-23T11:56:44+00:00\",\"breadcrumb\":{\"@id\":\"https:\/\/laurarpulido.es\/index.php\/proyectos\/#breadcrumb\"},\"inLanguage\":\"es\",\"potentialAction\":[{\"@type\":\"ReadAction\",\"target\":[\"https:\/\/laurarpulido.es\/index.php\/proyectos\/\"]}]},{\"@type\":\"ImageObject\",\"inLanguage\":\"es\",\"@id\":\"https:\/\/laurarpulido.es\/index.php\/proyectos\/#primaryimage\",\"url\":\"https:\/\/laurarpulido.es\/wp-content\/uploads\/2025\/01\/LaNoche-pg1.jpg\",\"contentUrl\":\"https:\/\/laurarpulido.es\/wp-content\/uploads\/2025\/01\/LaNoche-pg1.jpg\",\"width\":2480,\"height\":2692},{\"@type\":\"BreadcrumbList\",\"@id\":\"https:\/\/laurarpulido.es\/index.php\/proyectos\/#breadcrumb\",\"itemListElement\":[{\"@type\":\"ListItem\",\"position\":1,\"name\":\"Portada\",\"item\":\"https:\/\/laurarpulido.es\/\"},{\"@type\":\"ListItem\",\"position\":2,\"name\":\"Proyectos\"}]},{\"@type\":\"WebSite\",\"@id\":\"https:\/\/laurarpulido.es\/#website\",\"url\":\"https:\/\/laurarpulido.es\/\",\"name\":\"Laura Rodr\u00edguez Portfolio\",\"description\":\"\",\"potentialAction\":[{\"@type\":\"SearchAction\",\"target\":{\"@type\":\"EntryPoint\",\"urlTemplate\":\"https:\/\/laurarpulido.es\/?s={search_term_string}\"},\"query-input\":{\"@type\":\"PropertyValueSpecification\",\"valueRequired\":true,\"valueName\":\"search_term_string\"}}],\"inLanguage\":\"es\"}]}<\/script>\n<!-- \/ Yoast SEO plugin. -->","yoast_head_json":{"title":"Proyectos - Laura Rodr\u00edguez Portfolio","robots":{"index":"index","follow":"follow","max-snippet":"max-snippet:-1","max-image-preview":"max-image-preview:large","max-video-preview":"max-video-preview:-1"},"canonical":"https:\/\/laurarpulido.es\/index.php\/proyectos\/","og_locale":"es_ES","og_type":"article","og_title":"Proyectos - Laura Rodr\u00edguez Portfolio","og_description":"Ilustraci\u00f3n Ilustraci\u00f3n Cuento: \u00abLa Noche\u00bb Desplegable: \u00abLa selva\u00bb Ilustraci\u00f3n Relato: \u00abEl Mar\u00bb de Miguel Mihura","og_url":"https:\/\/laurarpulido.es\/index.php\/proyectos\/","og_site_name":"Laura Rodr\u00edguez Portfolio","article_modified_time":"2025-05-23T11:56:44+00:00","og_image":[{"url":"https:\/\/laurarpulido.es\/wp-content\/uploads\/2025\/01\/LaNoche-pg1.jpg","width":800,"height":868,"type":"image\/jpeg"}],"twitter_card":"summary_large_image","twitter_misc":{"Tiempo de lectura":"2 minutos"},"schema":{"@context":"https:\/\/schema.org","@graph":[{"@type":"WebPage","@id":"https:\/\/laurarpulido.es\/index.php\/proyectos\/","url":"https:\/\/laurarpulido.es\/index.php\/proyectos\/","name":"Proyectos - Laura Rodr\u00edguez Portfolio","isPartOf":{"@id":"https:\/\/laurarpulido.es\/#website"},"primaryImageOfPage":{"@id":"https:\/\/laurarpulido.es\/index.php\/proyectos\/#primaryimage"},"image":{"@id":"https:\/\/laurarpulido.es\/index.php\/proyectos\/#primaryimage"},"thumbnailUrl":"https:\/\/laurarpulido.es\/wp-content\/uploads\/2025\/01\/LaNoche-pg1.jpg","datePublished":"2025-01-12T20:48:17+00:00","dateModified":"2025-05-23T11:56:44+00:00","breadcrumb":{"@id":"https:\/\/laurarpulido.es\/index.php\/proyectos\/#breadcrumb"},"inLanguage":"es","potentialAction":[{"@type":"ReadAction","target":["https:\/\/laurarpulido.es\/index.php\/proyectos\/"]}]},{"@type":"ImageObject","inLanguage":"es","@id":"https:\/\/laurarpulido.es\/index.php\/proyectos\/#primaryimage","url":"https:\/\/laurarpulido.es\/wp-content\/uploads\/2025\/01\/LaNoche-pg1.jpg","contentUrl":"https:\/\/laurarpulido.es\/wp-content\/uploads\/2025\/01\/LaNoche-pg1.jpg","width":2480,"height":2692},{"@type":"BreadcrumbList","@id":"https:\/\/laurarpulido.es\/index.php\/proyectos\/#breadcrumb","itemListElement":[{"@type":"ListItem","position":1,"name":"Portada","item":"https:\/\/laurarpulido.es\/"},{"@type":"ListItem","position":2,"name":"Proyectos"}]},{"@type":"WebSite","@id":"https:\/\/laurarpulido.es\/#website","url":"https:\/\/laurarpulido.es\/","name":"Laura Rodr\u00edguez Portfolio","description":"","potentialAction":[{"@type":"SearchAction","target":{"@type":"EntryPoint","urlTemplate":"https:\/\/laurarpulido.es\/?s={search_term_string}"},"query-input":{"@type":"PropertyValueSpecification","valueRequired":true,"valueName":"search_term_string"}}],"inLanguage":"es"}]}},"_links":{"self":[{"href":"https:\/\/laurarpulido.es\/index.php\/wp-json\/wp\/v2\/pages\/106","targetHints":{"allow":["GET"]}}],"collection":[{"href":"https:\/\/laurarpulido.es\/index.php\/wp-json\/wp\/v2\/pages"}],"about":[{"href":"https:\/\/laurarpulido.es\/index.php\/wp-json\/wp\/v2\/types\/page"}],"author":[{"embeddable":true,"href":"https:\/\/laurarpulido.es\/index.php\/wp-json\/wp\/v2\/users\/1"}],"replies":[{"embeddable":true,"href":"https:\/\/laurarpulido.es\/index.php\/wp-json\/wp\/v2\/comments?post=106"}],"version-history":[{"count":52,"href":"https:\/\/laurarpulido.es\/index.php\/wp-json\/wp\/v2\/pages\/106\/revisions"}],"predecessor-version":[{"id":696,"href":"https:\/\/laurarpulido.es\/index.php\/wp-json\/wp\/v2\/pages\/106\/revisions\/696"}],"wp:attachment":[{"href":"https:\/\/laurarpulido.es\/index.php\/wp-json\/wp\/v2\/media?parent=106"}],"curies":[{"name":"wp","href":"https:\/\/api.w.org\/{rel}","templated":true}]}}