{"id":23,"date":"2025-01-08T12:47:05","date_gmt":"2025-01-08T11:47:05","guid":{"rendered":"https:\/\/portfolio5186.live-website.com\/?page_id=23"},"modified":"2025-05-23T17:02:52","modified_gmt":"2025-05-23T15:02:52","slug":"home","status":"publish","type":"page","link":"https:\/\/laurarpulido.es\/","title":{"rendered":"Home"},"content":{"rendered":"\t\t<div data-elementor-type=\"wp-page\" data-elementor-id=\"23\" class=\"elementor elementor-23\" data-elementor-post-type=\"page\">\n\t\t\t\t<div class=\"elementor-element elementor-element-4318631 e-flex e-con-boxed e-con e-parent\" data-id=\"4318631\" data-element_type=\"container\" data-settings=\"{&quot;background_background&quot;:&quot;slideshow&quot;,&quot;animation&quot;:&quot;none&quot;,&quot;background_slideshow_gallery&quot;:[{&quot;id&quot;:272,&quot;url&quot;:&quot;https:\\\/\\\/portfolio5186.live-website.com\\\/wp-content\\\/uploads\\\/2025\\\/01\\\/star.png&quot;},{&quot;id&quot;:266,&quot;url&quot;:&quot;https:\\\/\\\/portfolio5186.live-website.com\\\/wp-content\\\/uploads\\\/2025\\\/01\\\/ai.png&quot;},{&quot;id&quot;:245,&quot;url&quot;:&quot;https:\\\/\\\/portfolio5186.live-website.com\\\/wp-content\\\/uploads\\\/2025\\\/01\\\/LaNoche-pg3.jpg&quot;}],&quot;background_slideshow_loop&quot;:&quot;yes&quot;,&quot;background_slideshow_slide_duration&quot;:5000,&quot;background_slideshow_slide_transition&quot;:&quot;fade&quot;,&quot;background_slideshow_transition_duration&quot;:500}\">\n\t\t\t\t\t<div class=\"e-con-inner\">\n\t\t<div class=\"elementor-element elementor-element-9ef1e72 e-con-full e-transform e-flex elementor-invisible e-con e-child\" data-id=\"9ef1e72\" data-element_type=\"container\" data-settings=\"{&quot;animation&quot;:&quot;fadeInUp&quot;,&quot;_transform_scale_effect_hover&quot;:{&quot;unit&quot;:&quot;px&quot;,&quot;size&quot;:1.2,&quot;sizes&quot;:[]},&quot;_transform_scale_effect_hover_tablet&quot;:{&quot;unit&quot;:&quot;px&quot;,&quot;size&quot;:&quot;&quot;,&quot;sizes&quot;:[]},&quot;_transform_scale_effect_hover_mobile&quot;:{&quot;unit&quot;:&quot;px&quot;,&quot;size&quot;:&quot;&quot;,&quot;sizes&quot;:[]}}\">\n\t\t\t\t<div class=\"elementor-element elementor-element-304164f elementor-widget elementor-widget-heading\" data-id=\"304164f\" data-element_type=\"widget\" data-widget_type=\"heading.default\">\n\t\t\t\t<div class=\"elementor-widget-container\">\n\t\t\t\t\t<h2 class=\"elementor-heading-title elementor-size-default\"><a href=\"https:\/\/laurarpulido.es\/index.php\/sobremi\/\">Laura Rodr\u00edguez Pulido<\/a><\/h2>\t\t\t\t<\/div>\n\t\t\t\t<\/div>\n\t\t\t\t<\/div>\n\t\t<div class=\"elementor-element elementor-element-76e1225 e-con-full e-flex elementor-invisible e-con e-child\" data-id=\"76e1225\" data-element_type=\"container\" data-settings=\"{&quot;animation&quot;:&quot;fadeInUp&quot;}\">\n\t\t\t\t<div class=\"elementor-element elementor-element-55eca59 elementor-widget elementor-widget-button\" data-id=\"55eca59\" data-element_type=\"widget\" data-widget_type=\"button.default\">\n\t\t\t\t<div class=\"elementor-widget-container\">\n\t\t\t\t\t\t\t\t\t<div class=\"elementor-button-wrapper\">\n\t\t\t\t\t<a class=\"elementor-button elementor-button-link elementor-size-sm elementor-animation-float\" href=\"#ilustracion\">\n\t\t\t\t\t\t<span class=\"elementor-button-content-wrapper\">\n\t\t\t\t\t\t\t\t\t<span class=\"elementor-button-text\">Ilustraci\u00f3n<\/span>\n\t\t\t\t\t<\/span>\n\t\t\t\t\t<\/a>\n\t\t\t\t<\/div>\n\t\t\t\t\t\t\t\t<\/div>\n\t\t\t\t<\/div>\n\t\t\t\t<div class=\"elementor-element elementor-element-4b23b4d elementor-widget elementor-widget-button\" data-id=\"4b23b4d\" data-element_type=\"widget\" data-widget_type=\"button.default\">\n\t\t\t\t<div class=\"elementor-widget-container\">\n\t\t\t\t\t\t\t\t\t<div class=\"elementor-button-wrapper\">\n\t\t\t\t\t<a class=\"elementor-button elementor-button-link elementor-size-sm elementor-animation-float\" href=\"#dise\u00f1oweb\">\n\t\t\t\t\t\t<span class=\"elementor-button-content-wrapper\">\n\t\t\t\t\t\t\t\t\t<span class=\"elementor-button-text\">Dise\u00f1o Web<\/span>\n\t\t\t\t\t<\/span>\n\t\t\t\t\t<\/a>\n\t\t\t\t<\/div>\n\t\t\t\t\t\t\t\t<\/div>\n\t\t\t\t<\/div>\n\t\t\t\t<\/div>\n\t\t\t\t\t<\/div>\n\t\t\t\t<\/div>\n\t\t<div class=\"elementor-element elementor-element-c7f9e45 e-con-full e-flex e-con e-parent\" data-id=\"c7f9e45\" data-element_type=\"container\" data-settings=\"{&quot;background_background&quot;:&quot;classic&quot;}\">\n\t\t<div class=\"elementor-element elementor-element-a607c58 e-con-full e-flex e-con e-child\" data-id=\"a607c58\" data-element_type=\"container\" id=\"dise\u00f1oweb\" data-settings=\"{&quot;background_background&quot;:&quot;classic&quot;}\">\n\t\t<div class=\"elementor-element elementor-element-cadef6f e-con-full e-flex e-con e-child\" data-id=\"cadef6f\" data-element_type=\"container\">\n\t\t\t\t<div class=\"elementor-element elementor-element-4856785 elementor-widget elementor-widget-heading\" data-id=\"4856785\" data-element_type=\"widget\" data-widget_type=\"heading.default\">\n\t\t\t\t<div class=\"elementor-widget-container\">\n\t\t\t\t\t<h2 class=\"elementor-heading-title elementor-size-default\">Dise\u00f1o Web<\/h2>\t\t\t\t<\/div>\n\t\t\t\t<\/div>\n\t\t\t\t<\/div>\n\t\t<div class=\"elementor-element elementor-element-89f5f52 e-con-full e-flex elementor-invisible e-con e-child\" data-id=\"89f5f52\" data-element_type=\"container\" data-settings=\"{&quot;animation&quot;:&quot;fadeInDown&quot;}\">\n\t\t\t\t<div class=\"elementor-element elementor-element-80e350c elementor-widget elementor-widget-button\" data-id=\"80e350c\" data-element_type=\"widget\" data-widget_type=\"button.default\">\n\t\t\t\t<div class=\"elementor-widget-container\">\n\t\t\t\t\t\t\t\t\t<div class=\"elementor-button-wrapper\">\n\t\t\t\t\t<a class=\"elementor-button elementor-button-link elementor-size-sm elementor-animation-float\" href=\"https:\/\/laurarpulido.es\/index.php\/diseno-web\/\">\n\t\t\t\t\t\t<span class=\"elementor-button-content-wrapper\">\n\t\t\t\t\t\t\t\t\t<span class=\"elementor-button-text\">Ir al portfolio<\/span>\n\t\t\t\t\t<\/span>\n\t\t\t\t\t<\/a>\n\t\t\t\t<\/div>\n\t\t\t\t\t\t\t\t<\/div>\n\t\t\t\t<\/div>\n\t\t\t\t<\/div>\n\t\t<div class=\"elementor-element elementor-element-fb64529 e-con-full e-flex elementor-invisible e-con e-child\" data-id=\"fb64529\" data-element_type=\"container\" data-settings=\"{&quot;animation&quot;:&quot;slideInUp&quot;}\">\n\t\t<div class=\"elementor-element elementor-element-5a75d3d e-con-full e-flex e-con e-child\" data-id=\"5a75d3d\" data-element_type=\"container\" data-settings=\"{&quot;background_background&quot;:&quot;classic&quot;}\">\n\t\t\t\t<\/div>\n\t\t<div class=\"elementor-element elementor-element-142fd16 e-con-full e-flex e-con e-child\" data-id=\"142fd16\" data-element_type=\"container\">\n\t\t\t\t<div class=\"elementor-element elementor-element-ff735b6 elementor-widget elementor-widget-heading\" data-id=\"ff735b6\" data-element_type=\"widget\" data-widget_type=\"heading.default\">\n\t\t\t\t<div class=\"elementor-widget-container\">\n\t\t\t\t\t<h2 class=\"elementor-heading-title elementor-size-default\">\"My Chemical Romance\"<\/h2>\t\t\t\t<\/div>\n\t\t\t\t<\/div>\n\t\t\t\t<\/div>\n\t\t\t\t<\/div>\n\t\t\t\t<\/div>\n\t\t\t\t<\/div>\n\t\t<div class=\"elementor-element elementor-element-ed6550e e-con-full e-flex e-con e-parent\" data-id=\"ed6550e\" data-element_type=\"container\" data-settings=\"{&quot;background_background&quot;:&quot;classic&quot;}\">\n\t\t<div class=\"elementor-element elementor-element-c930cd4 e-con-full e-flex e-con e-child\" data-id=\"c930cd4\" data-element_type=\"container\" id=\"ilustracion\" data-settings=\"{&quot;background_background&quot;:&quot;classic&quot;}\">\n\t\t<div class=\"elementor-element elementor-element-ca35ccb e-con-full e-flex elementor-invisible e-con e-child\" data-id=\"ca35ccb\" data-element_type=\"container\" data-settings=\"{&quot;animation&quot;:&quot;fadeInDown&quot;}\">\n\t\t\t\t<div class=\"elementor-element elementor-element-9356d6a elementor-widget elementor-widget-heading\" data-id=\"9356d6a\" data-element_type=\"widget\" data-widget_type=\"heading.default\">\n\t\t\t\t<div class=\"elementor-widget-container\">\n\t\t\t\t\t<h2 class=\"elementor-heading-title elementor-size-default\">Ilustraci\u00f3n<\/h2>\t\t\t\t<\/div>\n\t\t\t\t<\/div>\n\t\t\t\t<\/div>\n\t\t<div class=\"elementor-element elementor-element-b3bb8ca e-con-full e-flex elementor-invisible e-con e-child\" data-id=\"b3bb8ca\" data-element_type=\"container\" data-settings=\"{&quot;animation&quot;:&quot;fadeInDown&quot;}\">\n\t\t\t\t<div class=\"elementor-element elementor-element-68082b3 elementor-widget elementor-widget-button\" data-id=\"68082b3\" data-element_type=\"widget\" data-widget_type=\"button.default\">\n\t\t\t\t<div class=\"elementor-widget-container\">\n\t\t\t\t\t\t\t\t\t<div class=\"elementor-button-wrapper\">\n\t\t\t\t\t<a class=\"elementor-button elementor-button-link elementor-size-sm elementor-animation-float\" href=\"https:\/\/laurarpulido.es\/index.php\/proyectos\/\">\n\t\t\t\t\t\t<span class=\"elementor-button-content-wrapper\">\n\t\t\t\t\t\t\t\t\t<span class=\"elementor-button-text\">Ir al portfolio<\/span>\n\t\t\t\t\t<\/span>\n\t\t\t\t\t<\/a>\n\t\t\t\t<\/div>\n\t\t\t\t\t\t\t\t<\/div>\n\t\t\t\t<\/div>\n\t\t\t\t<\/div>\n\t\t<div class=\"elementor-element elementor-element-121456d e-con-full e-flex e-con e-child\" data-id=\"121456d\" data-element_type=\"container\">\n\t\t<div class=\"elementor-element elementor-element-f3d3b49 e-con-full e-flex elementor-invisible e-con e-child\" data-id=\"f3d3b49\" data-element_type=\"container\" data-settings=\"{&quot;animation&quot;:&quot;rotateInUpRight&quot;}\">\n\t\t<div class=\"elementor-element elementor-element-c0e2969 e-con-full e-flex e-con e-child\" data-id=\"c0e2969\" data-element_type=\"container\" data-settings=\"{&quot;background_background&quot;:&quot;classic&quot;}\">\n\t\t\t\t<\/div>\n\t\t<div class=\"elementor-element elementor-element-1cf7313 e-con-full e-flex e-con e-child\" data-id=\"1cf7313\" data-element_type=\"container\">\n\t\t\t\t<div class=\"elementor-element elementor-element-07538d7 elementor-widget elementor-widget-heading\" data-id=\"07538d7\" data-element_type=\"widget\" data-widget_type=\"heading.default\">\n\t\t\t\t<div class=\"elementor-widget-container\">\n\t\t\t\t\t<h2 class=\"elementor-heading-title elementor-size-default\">\"La Noche\"<\/h2>\t\t\t\t<\/div>\n\t\t\t\t<\/div>\n\t\t\t\t<\/div>\n\t\t\t\t<\/div>\n\t\t<div class=\"elementor-element elementor-element-d2fd9de e-con-full e-flex elementor-invisible e-con e-child\" data-id=\"d2fd9de\" data-element_type=\"container\" data-settings=\"{&quot;animation&quot;:&quot;slideInUp&quot;}\">\n\t\t<div class=\"elementor-element elementor-element-dbb66ce e-con-full e-flex e-con e-child\" data-id=\"dbb66ce\" data-element_type=\"container\" data-settings=\"{&quot;background_background&quot;:&quot;classic&quot;}\">\n\t\t\t\t<\/div>\n\t\t<div class=\"elementor-element elementor-element-906e5a5 e-con-full e-flex e-con e-child\" data-id=\"906e5a5\" data-element_type=\"container\">\n\t\t\t\t<div class=\"elementor-element elementor-element-e45967b elementor-widget elementor-widget-heading\" data-id=\"e45967b\" data-element_type=\"widget\" data-widget_type=\"heading.default\">\n\t\t\t\t<div class=\"elementor-widget-container\">\n\t\t\t\t\t<h2 class=\"elementor-heading-title elementor-size-default\">\"La Selva\"<\/h2>\t\t\t\t<\/div>\n\t\t\t\t<\/div>\n\t\t\t\t<\/div>\n\t\t\t\t<\/div>\n\t\t<div class=\"elementor-element elementor-element-13e2634 e-con-full e-flex e-con e-child\" data-id=\"13e2634\" data-element_type=\"container\">\n\t\t<div class=\"elementor-element elementor-element-ddbe893 e-con-full e-flex elementor-invisible e-con e-child\" data-id=\"ddbe893\" data-element_type=\"container\" data-settings=\"{&quot;background_background&quot;:&quot;classic&quot;,&quot;animation&quot;:&quot;rotateInUpLeft&quot;}\">\n\t\t\t\t<\/div>\n\t\t<div class=\"elementor-element elementor-element-1430d3b e-con-full e-flex e-con e-child\" data-id=\"1430d3b\" data-element_type=\"container\">\n\t\t\t\t<div class=\"elementor-element elementor-element-30ff75f elementor-widget elementor-widget-heading\" data-id=\"30ff75f\" data-element_type=\"widget\" data-widget_type=\"heading.default\">\n\t\t\t\t<div class=\"elementor-widget-container\">\n\t\t\t\t\t<h2 class=\"elementor-heading-title elementor-size-default\">\"El Mar\"<\/h2>\t\t\t\t<\/div>\n\t\t\t\t<\/div>\n\t\t\t\t<\/div>\n\t\t\t\t<\/div>\n\t\t\t\t<\/div>\n\t\t\t\t<\/div>\n\t\t\t\t<\/div>\n\t\t\t\t<\/div>\n\t\t","protected":false},"excerpt":{"rendered":"<p>Laura Rodr\u00edguez Pulido Ilustraci\u00f3n Dise\u00f1o Web Dise\u00f1o Web Ir al portfolio \u00abMy Chemical Romance\u00bb Ilustraci\u00f3n Ir al portfolio \u00abLa Noche\u00bb \u00abLa Selva\u00bb \u00abEl Mar\u00bb<\/p>\n","protected":false},"author":1,"featured_media":0,"parent":0,"menu_order":0,"comment_status":"closed","ping_status":"closed","template":"","meta":{"footnotes":""},"class_list":["post-23","page","type-page","status-publish","hentry"],"yoast_head":"<!-- This site is optimized with the Yoast SEO plugin v25.1 - https:\/\/yoast.com\/wordpress\/plugins\/seo\/ -->\n<title>Home - Laura Rodr\u00edguez Portfolio<\/title>\n<meta name=\"robots\" content=\"index, follow, max-snippet:-1, max-image-preview:large, max-video-preview:-1\" \/>\n<link rel=\"canonical\" href=\"https:\/\/laurarpulido.es\/\" \/>\n<meta property=\"og:locale\" content=\"es_ES\" \/>\n<meta property=\"og:type\" content=\"article\" \/>\n<meta property=\"og:title\" content=\"Home - Laura Rodr\u00edguez Portfolio\" \/>\n<meta property=\"og:description\" content=\"Laura Rodr\u00edguez Pulido Ilustraci\u00f3n Dise\u00f1o Web Dise\u00f1o Web Ir al portfolio \u00abMy Chemical Romance\u00bb Ilustraci\u00f3n Ir al portfolio \u00abLa Noche\u00bb \u00abLa Selva\u00bb \u00abEl Mar\u00bb\" \/>\n<meta property=\"og:url\" content=\"https:\/\/laurarpulido.es\/\" \/>\n<meta property=\"og:site_name\" content=\"Laura Rodr\u00edguez Portfolio\" \/>\n<meta property=\"article:modified_time\" content=\"2025-05-23T15:02:52+00:00\" \/>\n<meta name=\"twitter:card\" content=\"summary_large_image\" \/>\n<meta name=\"twitter:label1\" content=\"Tiempo de lectura\" \/>\n\t<meta name=\"twitter:data1\" content=\"1 minuto\" \/>\n<script type=\"application\/ld+json\" class=\"yoast-schema-graph\">{\"@context\":\"https:\/\/schema.org\",\"@graph\":[{\"@type\":\"WebPage\",\"@id\":\"https:\/\/laurarpulido.es\/\",\"url\":\"https:\/\/laurarpulido.es\/\",\"name\":\"Home - Laura Rodr\u00edguez Portfolio\",\"isPartOf\":{\"@id\":\"https:\/\/laurarpulido.es\/#website\"},\"datePublished\":\"2025-01-08T11:47:05+00:00\",\"dateModified\":\"2025-05-23T15:02:52+00:00\",\"breadcrumb\":{\"@id\":\"https:\/\/laurarpulido.es\/#breadcrumb\"},\"inLanguage\":\"es\",\"potentialAction\":[{\"@type\":\"ReadAction\",\"target\":[\"https:\/\/laurarpulido.es\/\"]}]},{\"@type\":\"BreadcrumbList\",\"@id\":\"https:\/\/laurarpulido.es\/#breadcrumb\",\"itemListElement\":[{\"@type\":\"ListItem\",\"position\":1,\"name\":\"Portada\",\"item\":\"https:\/\/laurarpulido.es\/\"},{\"@type\":\"ListItem\",\"position\":2,\"name\":\"Home\"}]},{\"@type\":\"WebSite\",\"@id\":\"https:\/\/laurarpulido.es\/#website\",\"url\":\"https:\/\/laurarpulido.es\/\",\"name\":\"Laura Rodr\u00edguez Portfolio\",\"description\":\"\",\"potentialAction\":[{\"@type\":\"SearchAction\",\"target\":{\"@type\":\"EntryPoint\",\"urlTemplate\":\"https:\/\/laurarpulido.es\/?s={search_term_string}\"},\"query-input\":{\"@type\":\"PropertyValueSpecification\",\"valueRequired\":true,\"valueName\":\"search_term_string\"}}],\"inLanguage\":\"es\"}]}<\/script>\n<!-- \/ Yoast SEO plugin. -->","yoast_head_json":{"title":"Home - Laura Rodr\u00edguez Portfolio","robots":{"index":"index","follow":"follow","max-snippet":"max-snippet:-1","max-image-preview":"max-image-preview:large","max-video-preview":"max-video-preview:-1"},"canonical":"https:\/\/laurarpulido.es\/","og_locale":"es_ES","og_type":"article","og_title":"Home - Laura Rodr\u00edguez Portfolio","og_description":"Laura Rodr\u00edguez Pulido Ilustraci\u00f3n Dise\u00f1o Web Dise\u00f1o Web Ir al portfolio \u00abMy Chemical Romance\u00bb Ilustraci\u00f3n Ir al portfolio \u00abLa Noche\u00bb \u00abLa Selva\u00bb \u00abEl Mar\u00bb","og_url":"https:\/\/laurarpulido.es\/","og_site_name":"Laura Rodr\u00edguez Portfolio","article_modified_time":"2025-05-23T15:02:52+00:00","twitter_card":"summary_large_image","twitter_misc":{"Tiempo de lectura":"1 minuto"},"schema":{"@context":"https:\/\/schema.org","@graph":[{"@type":"WebPage","@id":"https:\/\/laurarpulido.es\/","url":"https:\/\/laurarpulido.es\/","name":"Home - Laura Rodr\u00edguez Portfolio","isPartOf":{"@id":"https:\/\/laurarpulido.es\/#website"},"datePublished":"2025-01-08T11:47:05+00:00","dateModified":"2025-05-23T15:02:52+00:00","breadcrumb":{"@id":"https:\/\/laurarpulido.es\/#breadcrumb"},"inLanguage":"es","potentialAction":[{"@type":"ReadAction","target":["https:\/\/laurarpulido.es\/"]}]},{"@type":"BreadcrumbList","@id":"https:\/\/laurarpulido.es\/#breadcrumb","itemListElement":[{"@type":"ListItem","position":1,"name":"Portada","item":"https:\/\/laurarpulido.es\/"},{"@type":"ListItem","position":2,"name":"Home"}]},{"@type":"WebSite","@id":"https:\/\/laurarpulido.es\/#website","url":"https:\/\/laurarpulido.es\/","name":"Laura Rodr\u00edguez Portfolio","description":"","potentialAction":[{"@type":"SearchAction","target":{"@type":"EntryPoint","urlTemplate":"https:\/\/laurarpulido.es\/?s={search_term_string}"},"query-input":{"@type":"PropertyValueSpecification","valueRequired":true,"valueName":"search_term_string"}}],"inLanguage":"es"}]}},"_links":{"self":[{"href":"https:\/\/laurarpulido.es\/index.php\/wp-json\/wp\/v2\/pages\/23","targetHints":{"allow":["GET"]}}],"collection":[{"href":"https:\/\/laurarpulido.es\/index.php\/wp-json\/wp\/v2\/pages"}],"about":[{"href":"https:\/\/laurarpulido.es\/index.php\/wp-json\/wp\/v2\/types\/page"}],"author":[{"embeddable":true,"href":"https:\/\/laurarpulido.es\/index.php\/wp-json\/wp\/v2\/users\/1"}],"replies":[{"embeddable":true,"href":"https:\/\/laurarpulido.es\/index.php\/wp-json\/wp\/v2\/comments?post=23"}],"version-history":[{"count":196,"href":"https:\/\/laurarpulido.es\/index.php\/wp-json\/wp\/v2\/pages\/23\/revisions"}],"predecessor-version":[{"id":705,"href":"https:\/\/laurarpulido.es\/index.php\/wp-json\/wp\/v2\/pages\/23\/revisions\/705"}],"wp:attachment":[{"href":"https:\/\/laurarpulido.es\/index.php\/wp-json\/wp\/v2\/media?parent=23"}],"curies":[{"name":"wp","href":"https:\/\/api.w.org\/{rel}","templated":true}]}}