{"id":549,"date":"2025-05-13T20:42:02","date_gmt":"2025-05-13T18:42:02","guid":{"rendered":"https:\/\/portfolio5186.live-website.com\/?page_id=549"},"modified":"2025-05-21T21:12:02","modified_gmt":"2025-05-21T19:12:02","slug":"diseno-web","status":"publish","type":"page","link":"https:\/\/laurarpulido.es\/index.php\/diseno-web\/","title":{"rendered":"Dise\u00f1o Web"},"content":{"rendered":"\t\t<div data-elementor-type=\"wp-page\" data-elementor-id=\"549\" class=\"elementor elementor-549\" data-elementor-post-type=\"page\">\n\t\t\t\t<div class=\"elementor-element elementor-element-3d10e3e e-flex e-con-boxed e-con e-parent\" data-id=\"3d10e3e\" data-element_type=\"container\" data-settings=\"{&quot;background_background&quot;:&quot;classic&quot;}\">\n\t\t\t\t\t<div class=\"e-con-inner\">\n\t\t<div class=\"elementor-element elementor-element-90092f6 e-con-full e-flex e-con e-child\" data-id=\"90092f6\" data-element_type=\"container\" data-settings=\"{&quot;background_background&quot;:&quot;classic&quot;}\">\n\t\t<div class=\"elementor-element elementor-element-0bde346 e-con-full e-flex e-con e-child\" data-id=\"0bde346\" data-element_type=\"container\">\n\t\t<div class=\"elementor-element elementor-element-242fd5e e-con-full e-flex e-con e-child\" data-id=\"242fd5e\" data-element_type=\"container\">\n\t\t\t\t<div class=\"elementor-element elementor-element-69aada8 elementor-widget elementor-widget-heading\" data-id=\"69aada8\" data-element_type=\"widget\" data-widget_type=\"heading.default\">\n\t\t\t\t<div class=\"elementor-widget-container\">\n\t\t\t\t\t<h2 class=\"elementor-heading-title elementor-size-default\">Dise\u00f1o Web<\/h2>\t\t\t\t<\/div>\n\t\t\t\t<\/div>\n\t\t\t\t<\/div>\n\t\t<div class=\"elementor-element elementor-element-db3bfd2 e-con-full e-flex e-con e-child\" data-id=\"db3bfd2\" data-element_type=\"container\">\n\t\t<div class=\"elementor-element elementor-element-ce1d4ef e-con-full e-flex e-con e-child\" data-id=\"ce1d4ef\" data-element_type=\"container\">\n\t\t\t\t<div class=\"elementor-element elementor-element-8ce0293 elementor-widget elementor-widget-heading\" data-id=\"8ce0293\" data-element_type=\"widget\" data-widget_type=\"heading.default\">\n\t\t\t\t<div class=\"elementor-widget-container\">\n\t\t\t\t\t<h2 class=\"elementor-heading-title elementor-size-default\">Dise\u00f1o Landing Page Artista: \"My Chemical Romance\"<\/h2>\t\t\t\t<\/div>\n\t\t\t\t<\/div>\n\t\t\t\t<\/div>\n\t\t<div class=\"elementor-element elementor-element-4b4a061 e-con-full e-flex e-con e-child\" data-id=\"4b4a061\" data-element_type=\"container\">\n\t\t\t\t<div class=\"elementor-element elementor-element-5654a52 elementor-widget elementor-widget-button\" data-id=\"5654a52\" data-element_type=\"widget\" data-widget_type=\"button.default\">\n\t\t\t\t<div class=\"elementor-widget-container\">\n\t\t\t\t\t\t\t\t\t<div class=\"elementor-button-wrapper\">\n\t\t\t\t\t<a class=\"elementor-button elementor-button-link elementor-size-sm elementor-animation-float\" href=\"https:\/\/www.figma.com\/design\/UB5HrZ2sAMsW5x5e5LgmdJ\/Landing-Page-artista?t=aqFcikSPlmHjLY8M-1\" target=\"_blank\">\n\t\t\t\t\t\t<span class=\"elementor-button-content-wrapper\">\n\t\t\t\t\t\t<span class=\"elementor-button-icon\">\n\t\t\t\t<i aria-hidden=\"true\" class=\"fab fa-figma\"><\/i>\t\t\t<\/span>\n\t\t\t\t\t\t\t\t\t<span class=\"elementor-button-text\">Ver Figma<\/span>\n\t\t\t\t\t<\/span>\n\t\t\t\t\t<\/a>\n\t\t\t\t<\/div>\n\t\t\t\t\t\t\t\t<\/div>\n\t\t\t\t<\/div>\n\t\t\t\t<\/div>\n\t\t<div class=\"elementor-element elementor-element-7059fad e-con-full e-flex e-con e-child\" data-id=\"7059fad\" data-element_type=\"container\">\n\t\t\t\t<div class=\"elementor-element elementor-element-d83035f elementor-widget elementor-widget-xpro-image-scroller\" data-id=\"d83035f\" data-element_type=\"widget\" data-settings=\"{&quot;trigger_type&quot;:&quot;mouse-scroll&quot;,&quot;direction_type&quot;:&quot;vertical&quot;}\" data-widget_type=\"xpro-image-scroller.default\">\n\t\t\t\t<div class=\"elementor-widget-container\">\n\t\t\t\t\t\r\n<div  class=\"xpro-scroll-image-wrapper\">\r\n<div class=\"xpro-scroll-image-inner xpro-image-mouse-scroll\">\r\n\t<!-- Image -->\r\n\t<div class=\"xpro-scroll-image-vertical xpro-image-scroll-img\">\r\n\t\t<img fetchpriority=\"high\" decoding=\"async\" width=\"1440\" height=\"19969\" src=\"https:\/\/laurarpulido.es\/wp-content\/uploads\/2025\/01\/Desktop-1.png\" class=\"attachment-full size-full wp-image-416\" alt=\"\" \/>\t<\/div>\r\n\r\n\t\r\n\t\r\n<\/div>\r\n<\/div>\r\n\t\t\t\t<\/div>\n\t\t\t\t<\/div>\n\t\t\t\t<\/div>\n\t\t\t\t<\/div>\n\t\t<div class=\"elementor-element elementor-element-25e7eca e-con-full e-flex e-con e-child\" data-id=\"25e7eca\" data-element_type=\"container\">\n\t\t<div class=\"elementor-element elementor-element-8b04d18 e-con-full e-flex e-con e-child\" data-id=\"8b04d18\" data-element_type=\"container\">\n\t\t\t\t<div class=\"elementor-element elementor-element-aaca200 elementor-widget elementor-widget-heading\" data-id=\"aaca200\" data-element_type=\"widget\" data-widget_type=\"heading.default\">\n\t\t\t\t<div class=\"elementor-widget-container\">\n\t\t\t\t\t<h2 class=\"elementor-heading-title elementor-size-default\">Dise\u00f1o Interfaz Aplicaci\u00f3n de Streaming: \"Notflix\"<\/h2>\t\t\t\t<\/div>\n\t\t\t\t<\/div>\n\t\t\t\t<\/div>\n\t\t<div class=\"elementor-element elementor-element-a4bd290 e-con-full e-flex e-con e-child\" data-id=\"a4bd290\" data-element_type=\"container\">\n\t\t\t\t<div class=\"elementor-element elementor-element-89a1ed0 elementor-widget elementor-widget-button\" data-id=\"89a1ed0\" data-element_type=\"widget\" data-widget_type=\"button.default\">\n\t\t\t\t<div class=\"elementor-widget-container\">\n\t\t\t\t\t\t\t\t\t<div class=\"elementor-button-wrapper\">\n\t\t\t\t\t<a class=\"elementor-button elementor-button-link elementor-size-sm elementor-animation-float\" href=\"https:\/\/www.figma.com\/proto\/MxO0nnM9vq3Q1zdN1mt68C\/CSDW_DUU_ENTREGA_FINAL_LauraRodriguez?node-id=1-2&#038;t=cFmlBt2L6NkHJdAB-1&#038;scaling=scale-down&#038;content-scaling=fixed&#038;page-id=0%3A1&#038;starting-point-node-id=12%3A301&#038;show-proto-sidebar=1\" target=\"_blank\">\n\t\t\t\t\t\t<span class=\"elementor-button-content-wrapper\">\n\t\t\t\t\t\t<span class=\"elementor-button-icon\">\n\t\t\t\t<i aria-hidden=\"true\" class=\"fab fa-figma\"><\/i>\t\t\t<\/span>\n\t\t\t\t\t\t\t\t\t<span class=\"elementor-button-text\">Ver Figma<\/span>\n\t\t\t\t\t<\/span>\n\t\t\t\t\t<\/a>\n\t\t\t\t<\/div>\n\t\t\t\t\t\t\t\t<\/div>\n\t\t\t\t<\/div>\n\t\t\t\t<\/div>\n\t\t<div class=\"elementor-element elementor-element-2d8a2e0 e-con-full e-grid e-con e-child\" data-id=\"2d8a2e0\" data-element_type=\"container\">\n\t\t\t\t<div class=\"elementor-element elementor-element-856000f elementor-widget elementor-widget-image\" data-id=\"856000f\" data-element_type=\"widget\" data-widget_type=\"image.default\">\n\t\t\t\t<div class=\"elementor-widget-container\">\n\t\t\t\t\t\t\t\t\t\t\t\t\t\t\t<img decoding=\"async\" width=\"375\" height=\"812\" src=\"https:\/\/laurarpulido.es\/wp-content\/uploads\/2025\/05\/Inicio.png\" class=\"attachment-large size-large wp-image-656\" alt=\"\" srcset=\"https:\/\/laurarpulido.es\/wp-content\/uploads\/2025\/05\/Inicio.png 375w, https:\/\/laurarpulido.es\/wp-content\/uploads\/2025\/05\/Inicio-139x300.png 139w\" sizes=\"(max-width: 375px) 100vw, 375px\" \/>\t\t\t\t\t\t\t\t\t\t\t\t\t\t\t<\/div>\n\t\t\t\t<\/div>\n\t\t\t\t<div class=\"elementor-element elementor-element-727547a elementor-widget elementor-widget-xpro-image-scroller\" data-id=\"727547a\" data-element_type=\"widget\" data-settings=\"{&quot;direction_type&quot;:&quot;vertical&quot;,&quot;trigger_type&quot;:&quot;mouse-hover&quot;}\" data-widget_type=\"xpro-image-scroller.default\">\n\t\t\t\t<div class=\"elementor-widget-container\">\n\t\t\t\t\t\r\n<div  class=\"xpro-scroll-image-wrapper\">\r\n<div class=\"xpro-scroll-image-inner xpro-image-mouse-hover\">\r\n\t<!-- Image -->\r\n\t<div class=\"xpro-scroll-image-vertical xpro-image-scroll-img\">\r\n\t\t<img decoding=\"async\" width=\"375\" height=\"1257\" src=\"https:\/\/laurarpulido.es\/wp-content\/uploads\/2025\/05\/Categorias.png\" class=\"attachment-full size-full wp-image-658\" alt=\"\" \/>\t<\/div>\r\n\r\n\t\r\n\t\r\n<\/div>\r\n<\/div>\r\n\t\t\t\t<\/div>\n\t\t\t\t<\/div>\n\t\t\t\t<div class=\"elementor-element elementor-element-367da62 elementor-widget elementor-widget-xpro-image-scroller\" data-id=\"367da62\" data-element_type=\"widget\" data-settings=\"{&quot;direction_type&quot;:&quot;vertical&quot;,&quot;trigger_type&quot;:&quot;mouse-hover&quot;}\" data-widget_type=\"xpro-image-scroller.default\">\n\t\t\t\t<div class=\"elementor-widget-container\">\n\t\t\t\t\t\r\n<div  class=\"xpro-scroll-image-wrapper\">\r\n<div class=\"xpro-scroll-image-inner xpro-image-mouse-hover\">\r\n\t<!-- Image -->\r\n\t<div class=\"xpro-scroll-image-vertical xpro-image-scroll-img\">\r\n\t\t<img loading=\"lazy\" decoding=\"async\" width=\"375\" height=\"1745\" src=\"https:\/\/laurarpulido.es\/wp-content\/uploads\/2025\/05\/Planes.png\" class=\"attachment-full size-full wp-image-659\" alt=\"\" srcset=\"https:\/\/laurarpulido.es\/wp-content\/uploads\/2025\/05\/Planes.png 375w, https:\/\/laurarpulido.es\/wp-content\/uploads\/2025\/05\/Planes-220x1024.png 220w, https:\/\/laurarpulido.es\/wp-content\/uploads\/2025\/05\/Planes-330x1536.png 330w\" sizes=\"(max-width: 375px) 100vw, 375px\" \/>\t<\/div>\r\n\r\n\t\r\n\t\r\n<\/div>\r\n<\/div>\r\n\t\t\t\t<\/div>\n\t\t\t\t<\/div>\n\t\t\t\t<\/div>\n\t\t\t\t<\/div>\n\t\t<div class=\"elementor-element elementor-element-361cad1 e-con-full e-flex e-con e-child\" data-id=\"361cad1\" data-element_type=\"container\">\n\t\t<div class=\"elementor-element elementor-element-2072248 e-con-full e-flex e-con e-child\" data-id=\"2072248\" data-element_type=\"container\">\n\t\t\t\t<div class=\"elementor-element elementor-element-0ba4f23 elementor-widget elementor-widget-heading\" data-id=\"0ba4f23\" data-element_type=\"widget\" data-widget_type=\"heading.default\">\n\t\t\t\t<div class=\"elementor-widget-container\">\n\t\t\t\t\t<h2 class=\"elementor-heading-title elementor-size-default\">Dise\u00f1o Landing Page Web Consolas Retro: \"Not-Glitch\"<\/h2>\t\t\t\t<\/div>\n\t\t\t\t<\/div>\n\t\t\t\t<\/div>\n\t\t<div class=\"elementor-element elementor-element-edb14f8 e-con-full e-flex e-con e-child\" data-id=\"edb14f8\" data-element_type=\"container\">\n\t\t\t\t<div class=\"elementor-element elementor-element-a06afa8 elementor-widget elementor-widget-button\" data-id=\"a06afa8\" data-element_type=\"widget\" data-widget_type=\"button.default\">\n\t\t\t\t<div class=\"elementor-widget-container\">\n\t\t\t\t\t\t\t\t\t<div class=\"elementor-button-wrapper\">\n\t\t\t\t\t<a class=\"elementor-button elementor-button-link elementor-size-sm elementor-animation-float\" href=\"https:\/\/www.figma.com\/proto\/u7OE67F7lmgQKsVqUreVHv\/CSDW_PPP_EntregaProyectoInvisible_LauraRodriguez?node-id=1-2&#038;t=dJ1GXJBjoQOx8zhY-1&#038;scaling=contain&#038;content-scaling=fixed&#038;page-id=0%3A1\" target=\"_blank\">\n\t\t\t\t\t\t<span class=\"elementor-button-content-wrapper\">\n\t\t\t\t\t\t<span class=\"elementor-button-icon\">\n\t\t\t\t<i aria-hidden=\"true\" class=\"fab fa-figma\"><\/i>\t\t\t<\/span>\n\t\t\t\t\t\t\t\t\t<span class=\"elementor-button-text\">Ver Figma<\/span>\n\t\t\t\t\t<\/span>\n\t\t\t\t\t<\/a>\n\t\t\t\t<\/div>\n\t\t\t\t\t\t\t\t<\/div>\n\t\t\t\t<\/div>\n\t\t\t\t<\/div>\n\t\t<div class=\"elementor-element elementor-element-d3f1053 e-con-full e-flex e-con e-child\" data-id=\"d3f1053\" data-element_type=\"container\">\n\t\t\t\t<div class=\"elementor-element elementor-element-4bcc567 elementor-widget elementor-widget-xpro-image-scroller\" data-id=\"4bcc567\" data-element_type=\"widget\" data-settings=\"{&quot;trigger_type&quot;:&quot;mouse-scroll&quot;,&quot;direction_type&quot;:&quot;vertical&quot;}\" data-widget_type=\"xpro-image-scroller.default\">\n\t\t\t\t<div class=\"elementor-widget-container\">\n\t\t\t\t\t\r\n<div  class=\"xpro-scroll-image-wrapper\">\r\n<div class=\"xpro-scroll-image-inner xpro-image-mouse-scroll\">\r\n\t<!-- Image -->\r\n\t<div class=\"xpro-scroll-image-vertical xpro-image-scroll-img\">\r\n\t\t<img loading=\"lazy\" decoding=\"async\" width=\"3840\" height=\"20346\" src=\"https:\/\/laurarpulido.es\/wp-content\/uploads\/2025\/05\/Slide-16_9-1-1.png\" class=\"attachment-full size-full wp-image-668\" alt=\"\" \/>\t<\/div>\r\n\r\n\t\r\n\t\r\n<\/div>\r\n<\/div>\r\n\t\t\t\t<\/div>\n\t\t\t\t<\/div>\n\t\t\t\t<\/div>\n\t\t\t\t<\/div>\n\t\t\t\t<\/div>\n\t\t\t\t<\/div>\n\t\t\t\t\t<\/div>\n\t\t\t\t<\/div>\n\t\t\t\t<\/div>\n\t\t","protected":false},"excerpt":{"rendered":"<p>Dise\u00f1o Web Dise\u00f1o Landing Page Artista: \u00abMy Chemical Romance\u00bb Ver Figma Dise\u00f1o Interfaz Aplicaci\u00f3n de Streaming: \u00abNotflix\u00bb Ver Figma Dise\u00f1o Landing Page Web Consolas Retro: \u00abNot-Glitch\u00bb Ver Figma<\/p>\n","protected":false},"author":1,"featured_media":0,"parent":0,"menu_order":0,"comment_status":"closed","ping_status":"closed","template":"","meta":{"footnotes":""},"class_list":["post-549","page","type-page","status-publish","hentry"],"yoast_head":"<!-- This site is optimized with the Yoast SEO plugin v25.1 - https:\/\/yoast.com\/wordpress\/plugins\/seo\/ -->\n<title>Dise\u00f1o Web - Laura Rodr\u00edguez Portfolio<\/title>\n<meta name=\"robots\" content=\"index, follow, max-snippet:-1, max-image-preview:large, max-video-preview:-1\" \/>\n<link rel=\"canonical\" href=\"https:\/\/laurarpulido.es\/index.php\/diseno-web\/\" \/>\n<meta property=\"og:locale\" content=\"es_ES\" \/>\n<meta property=\"og:type\" content=\"article\" \/>\n<meta property=\"og:title\" content=\"Dise\u00f1o Web - Laura Rodr\u00edguez Portfolio\" \/>\n<meta property=\"og:description\" content=\"Dise\u00f1o Web Dise\u00f1o Landing Page Artista: \u00abMy Chemical Romance\u00bb Ver Figma Dise\u00f1o Interfaz Aplicaci\u00f3n de Streaming: \u00abNotflix\u00bb Ver Figma Dise\u00f1o Landing Page Web Consolas Retro: \u00abNot-Glitch\u00bb Ver Figma\" \/>\n<meta property=\"og:url\" content=\"https:\/\/laurarpulido.es\/index.php\/diseno-web\/\" \/>\n<meta property=\"og:site_name\" content=\"Laura Rodr\u00edguez Portfolio\" \/>\n<meta property=\"article:modified_time\" content=\"2025-05-21T19:12:02+00:00\" \/>\n<meta property=\"og:image\" content=\"https:\/\/laurarpulido.es\/wp-content\/uploads\/2025\/01\/Desktop-1.png\" \/>\n\t<meta property=\"og:image:width\" content=\"74\" \/>\n\t<meta property=\"og:image:height\" content=\"1024\" \/>\n\t<meta property=\"og:image:type\" content=\"image\/png\" \/>\n<meta name=\"twitter:card\" content=\"summary_large_image\" \/>\n<meta name=\"twitter:label1\" content=\"Tiempo de lectura\" \/>\n\t<meta name=\"twitter:data1\" content=\"2 minutos\" \/>\n<script type=\"application\/ld+json\" class=\"yoast-schema-graph\">{\"@context\":\"https:\/\/schema.org\",\"@graph\":[{\"@type\":\"WebPage\",\"@id\":\"https:\/\/laurarpulido.es\/index.php\/diseno-web\/\",\"url\":\"https:\/\/laurarpulido.es\/index.php\/diseno-web\/\",\"name\":\"Dise\u00f1o Web - Laura Rodr\u00edguez Portfolio\",\"isPartOf\":{\"@id\":\"https:\/\/laurarpulido.es\/#website\"},\"primaryImageOfPage\":{\"@id\":\"https:\/\/laurarpulido.es\/index.php\/diseno-web\/#primaryimage\"},\"image\":{\"@id\":\"https:\/\/laurarpulido.es\/index.php\/diseno-web\/#primaryimage\"},\"thumbnailUrl\":\"https:\/\/laurarpulido.es\/wp-content\/uploads\/2025\/01\/Desktop-1.png\",\"datePublished\":\"2025-05-13T18:42:02+00:00\",\"dateModified\":\"2025-05-21T19:12:02+00:00\",\"breadcrumb\":{\"@id\":\"https:\/\/laurarpulido.es\/index.php\/diseno-web\/#breadcrumb\"},\"inLanguage\":\"es\",\"potentialAction\":[{\"@type\":\"ReadAction\",\"target\":[\"https:\/\/laurarpulido.es\/index.php\/diseno-web\/\"]}]},{\"@type\":\"ImageObject\",\"inLanguage\":\"es\",\"@id\":\"https:\/\/laurarpulido.es\/index.php\/diseno-web\/#primaryimage\",\"url\":\"https:\/\/laurarpulido.es\/wp-content\/uploads\/2025\/01\/Desktop-1.png\",\"contentUrl\":\"https:\/\/laurarpulido.es\/wp-content\/uploads\/2025\/01\/Desktop-1.png\",\"width\":1440,\"height\":19969},{\"@type\":\"BreadcrumbList\",\"@id\":\"https:\/\/laurarpulido.es\/index.php\/diseno-web\/#breadcrumb\",\"itemListElement\":[{\"@type\":\"ListItem\",\"position\":1,\"name\":\"Portada\",\"item\":\"https:\/\/laurarpulido.es\/\"},{\"@type\":\"ListItem\",\"position\":2,\"name\":\"Dise\u00f1o Web\"}]},{\"@type\":\"WebSite\",\"@id\":\"https:\/\/laurarpulido.es\/#website\",\"url\":\"https:\/\/laurarpulido.es\/\",\"name\":\"Laura Rodr\u00edguez Portfolio\",\"description\":\"\",\"potentialAction\":[{\"@type\":\"SearchAction\",\"target\":{\"@type\":\"EntryPoint\",\"urlTemplate\":\"https:\/\/laurarpulido.es\/?s={search_term_string}\"},\"query-input\":{\"@type\":\"PropertyValueSpecification\",\"valueRequired\":true,\"valueName\":\"search_term_string\"}}],\"inLanguage\":\"es\"}]}<\/script>\n<!-- \/ Yoast SEO plugin. -->","yoast_head_json":{"title":"Dise\u00f1o Web - Laura Rodr\u00edguez Portfolio","robots":{"index":"index","follow":"follow","max-snippet":"max-snippet:-1","max-image-preview":"max-image-preview:large","max-video-preview":"max-video-preview:-1"},"canonical":"https:\/\/laurarpulido.es\/index.php\/diseno-web\/","og_locale":"es_ES","og_type":"article","og_title":"Dise\u00f1o Web - Laura Rodr\u00edguez Portfolio","og_description":"Dise\u00f1o Web Dise\u00f1o Landing Page Artista: \u00abMy Chemical Romance\u00bb Ver Figma Dise\u00f1o Interfaz Aplicaci\u00f3n de Streaming: \u00abNotflix\u00bb Ver Figma Dise\u00f1o Landing Page Web Consolas Retro: \u00abNot-Glitch\u00bb Ver Figma","og_url":"https:\/\/laurarpulido.es\/index.php\/diseno-web\/","og_site_name":"Laura Rodr\u00edguez Portfolio","article_modified_time":"2025-05-21T19:12:02+00:00","og_image":[{"url":"https:\/\/laurarpulido.es\/wp-content\/uploads\/2025\/01\/Desktop-1.png","width":74,"height":1024,"type":"image\/png"}],"twitter_card":"summary_large_image","twitter_misc":{"Tiempo de lectura":"2 minutos"},"schema":{"@context":"https:\/\/schema.org","@graph":[{"@type":"WebPage","@id":"https:\/\/laurarpulido.es\/index.php\/diseno-web\/","url":"https:\/\/laurarpulido.es\/index.php\/diseno-web\/","name":"Dise\u00f1o Web - Laura Rodr\u00edguez Portfolio","isPartOf":{"@id":"https:\/\/laurarpulido.es\/#website"},"primaryImageOfPage":{"@id":"https:\/\/laurarpulido.es\/index.php\/diseno-web\/#primaryimage"},"image":{"@id":"https:\/\/laurarpulido.es\/index.php\/diseno-web\/#primaryimage"},"thumbnailUrl":"https:\/\/laurarpulido.es\/wp-content\/uploads\/2025\/01\/Desktop-1.png","datePublished":"2025-05-13T18:42:02+00:00","dateModified":"2025-05-21T19:12:02+00:00","breadcrumb":{"@id":"https:\/\/laurarpulido.es\/index.php\/diseno-web\/#breadcrumb"},"inLanguage":"es","potentialAction":[{"@type":"ReadAction","target":["https:\/\/laurarpulido.es\/index.php\/diseno-web\/"]}]},{"@type":"ImageObject","inLanguage":"es","@id":"https:\/\/laurarpulido.es\/index.php\/diseno-web\/#primaryimage","url":"https:\/\/laurarpulido.es\/wp-content\/uploads\/2025\/01\/Desktop-1.png","contentUrl":"https:\/\/laurarpulido.es\/wp-content\/uploads\/2025\/01\/Desktop-1.png","width":1440,"height":19969},{"@type":"BreadcrumbList","@id":"https:\/\/laurarpulido.es\/index.php\/diseno-web\/#breadcrumb","itemListElement":[{"@type":"ListItem","position":1,"name":"Portada","item":"https:\/\/laurarpulido.es\/"},{"@type":"ListItem","position":2,"name":"Dise\u00f1o Web"}]},{"@type":"WebSite","@id":"https:\/\/laurarpulido.es\/#website","url":"https:\/\/laurarpulido.es\/","name":"Laura Rodr\u00edguez Portfolio","description":"","potentialAction":[{"@type":"SearchAction","target":{"@type":"EntryPoint","urlTemplate":"https:\/\/laurarpulido.es\/?s={search_term_string}"},"query-input":{"@type":"PropertyValueSpecification","valueRequired":true,"valueName":"search_term_string"}}],"inLanguage":"es"}]}},"_links":{"self":[{"href":"https:\/\/laurarpulido.es\/index.php\/wp-json\/wp\/v2\/pages\/549","targetHints":{"allow":["GET"]}}],"collection":[{"href":"https:\/\/laurarpulido.es\/index.php\/wp-json\/wp\/v2\/pages"}],"about":[{"href":"https:\/\/laurarpulido.es\/index.php\/wp-json\/wp\/v2\/types\/page"}],"author":[{"embeddable":true,"href":"https:\/\/laurarpulido.es\/index.php\/wp-json\/wp\/v2\/users\/1"}],"replies":[{"embeddable":true,"href":"https:\/\/laurarpulido.es\/index.php\/wp-json\/wp\/v2\/comments?post=549"}],"version-history":[{"count":43,"href":"https:\/\/laurarpulido.es\/index.php\/wp-json\/wp\/v2\/pages\/549\/revisions"}],"predecessor-version":[{"id":689,"href":"https:\/\/laurarpulido.es\/index.php\/wp-json\/wp\/v2\/pages\/549\/revisions\/689"}],"wp:attachment":[{"href":"https:\/\/laurarpulido.es\/index.php\/wp-json\/wp\/v2\/media?parent=549"}],"curies":[{"name":"wp","href":"https:\/\/api.w.org\/{rel}","templated":true}]}}